{"id":18,"date":"2024-07-23T18:35:49","date_gmt":"2024-07-23T18:35:49","guid":{"rendered":"https:\/\/www.debeljuca.com\/?page_id=18"},"modified":"2024-07-23T18:45:44","modified_gmt":"2024-07-23T18:45:44","slug":"home","status":"publish","type":"page","link":"http:\/\/www.debeljuca.com\/","title":{"rendered":"Home"},"content":{"rendered":"\n<p>Da, dragi \u010ditaoci, ovo je stoti tekst objavljen na Debeljuci. Pro\u0161lo je vi\u0161e od godinu dana od prvih \u010detiri koji su obele\u017eili po\u010detak mog deljenja svojih iskustava sa vama. Malo sam usporio u poslednje vreme, jer je blog doneo mnogo toga, prvenstveno li\u010dni povratak na Internet scenu \u0161to je opet sa sobom povuklo mnogo raznih drugih obaveza.<\/p>\n\n\n\n<p>Za ovaj post je trebalo dobro razmisliti i videti \u0161ta je sve potrebno da bi se on napisao i kona\u010dno pru\u017eio vama na \u010ditanje. Stotka. Velika cifra. Magi\u010dna za gojaznost, jer je nekako trocifrena kila\u017ea znak da si preterao. Ipak napisati 100 tekstova na blogu za mene li\u010dno zna\u010di da sam istrajao.<\/p>\n\n\n\n<h3 class=\"wp-block-heading\"><img loading=\"lazy\" decoding=\"async\" width=\"430\" height=\"263\" src=\"https:\/\/web.archive.org\/web\/20110519023149im_\/http:\/\/debeljuca.com\/wp-content\/uploads\/2011\/03\/100.jpg\" alt=\"\"><\/h3>\n\n\n\n<p>Ovaj blog je do sada \u010ditalo&nbsp;<strong>25.000 ljudi<\/strong>. U periodu od 13 meseci oko&nbsp;<strong>360.000 stranica je pogledano<\/strong>, i svako se zadr\u017eao na sajtu&nbsp;<strong>du\u017ee od 5 minuta<\/strong>. Do maja meseca broj ljudi koji su u samom startu odlazili sa sajta je bio veliki, ali je onda drasti\u010dno pao i ovo je jedan od retkih blogova sa veoma niskim procentom ljudi koji sa njega odlaze jer nisu na\u0161li ono \u0161to ih interesuje. Ukupan \u201cbounce\u201d je 6% i danas je daleko ni\u017ei, ali ne \u017eelim da fejkujem ni statistiku kao \u0161to nisam fejkovao ni\u0161ta drugo u prethodnih 99.<\/p>\n\n\n\n<p>Opisi u novinama i na drugim medijima su pomogli da neki ljudi do\u0111u prvi put i postanu deo \u201czajednice\u201d koja se polako gradi oko sajta. Ne postoji ni\u0161ta lep\u0161e kada vidim obave\u0161tenje da je neko postavio neko pitanje i dok se pripremim da odgovorim stigne mi drugo obave\u0161tenje da je neko ve\u0107 uleteo i pomogao nekome ko je postavio pitanje. Sve ovo me uverava da je pravo vreme za formiranje zajednice ljudi koja bi se pomagala uzajmno u svojim li\u010dnim nastojanjima.<\/p>\n\n\n\n<p>Ponekad se zapitam da li mi je sve ovo trebalo i da li je to bio pravi na\u010din, a onda stigne mail ili komentar koji ka\u017ee \u201c<em><strong>inspirisao si me da zapo\u010dnem i ja da menjam svoj \u017eivot, hvala<\/strong><\/em>\u201d i onda znam da je to prava stvar, i to mi da snage da nastavim dalje i vidim da sam i sam dao snagu drugima da nastave dalje. Da mi je neko rekao \u201c<em><strong>ima\u0161 godinu dana da napi\u0161e\u0161 100 tekstova o dijeti<\/strong><\/em>\u201d verovatno bih se upla\u0161io, i ne bih ni\u0161ta uradio, krenuo sam srcem, nizvodno, \u201cgde me odnese tastatura\u201d i eto do\u0161ao do tog broja bez da sam i znao. Slu\u010dajno sam pogledao, pre ovog teksta je pisalo \u201c<em>objavljenih 99 postova<\/em>\u201d i shvatio da sam tu.<\/p>\n\n\n\n<h3 class=\"wp-block-heading\">Li\u010dna zarada<\/h3>\n\n\n\n<p>Prva \u201csporedna\u201d stvar koju te ljudi uvek pitaju oko svega ovoga jeste \u201c<em><strong>ima li zarade od bloga<\/strong><\/em>?\u201d Odgovor \u010desto zvu\u010di demago\u0161ki, i nekad mi prosto bude te\u0161ko da ga objasnim, ali ja smatram da ima. Dodu\u0161e, ne izra\u017eava se u direktnom novcu. &nbsp;Postavio sam google oglase na primer i za godinu dana zaradio 3 dolara. <\/p>\n\n\n\n<p>Rekao bih da je Magi ovde uradio dobru stvar, jer je direktnom investicijom uspeo da ima dobar opis svog proizvoda uvek na prvoj strani Google pretrage. Sada \u0107e me neki kritikovati, i treba,&nbsp;zbog toga \u0161to nisam objavio knjigu koju planiram ve\u0107 vi\u0161e od \u0161est meseci koja bi donela prihod.<\/p>\n\n\n\n<p>Objasnio sam ranije da je kroz moje \u201cpisanije\u201d do\u0161lo do toga da\u00a0Doktorka\u00a0uvidi koliko sam posve\u0107en ovom projektu i da u trenutku kada sam bio u nezavidnoj situaciji donese odluku da ne pla\u0107am sesije (koje su se odu\u017eile) kod nje. Bez obzira \u0161to nije direktna zarada, vratilo se s obzirom na to da je u pitanju tro\u0161ak o kojem nisam morao da razmi\u0161ljam i svakako je u\u0161teda. Sa druge strane, nije bilo osnove za komercijalni element u startu, ali se vremenom pokazalo da mnogo ljudi izra\u017eava \u017eelju da ako su u prilici krenu istim putem koji sam pro\u0161ao.<\/p>\n\n\n\n<p>I kona\u010dno, nekako ono \u0161to je najbitnije, jeste li\u010dna promocija i povratak na scenu. \u010cesto mla\u0111im kolegama obja\u0161njavam potrebu da se \u201c<em><strong>bude na radaru<\/strong><\/em>\u201c. Da se bude prisutno na sceni. Kada sam po\u010deo da pi\u0161em blog nekako sam \u017eeleo da objasnim da mi nije u interesu da ljudima \u201cprodajem\u201d nutricionisti\u010dku pri\u010du, ve\u0107 da se razumem u Internet scenu. I uspeo sam i u tome.<\/p>\n\n\n\n<p>Kona\u010dno, kada sam izgubio posao&nbsp;i napisao to na blogu, jedan od prijatelja koji \u010dita ovaj blog pozvao me je i rekao da u njegovoj firmi postoji interni konkurs za dizajnera. Oti\u0161ao sam na razgovor i&nbsp;dobio posao. Da li bi se to desilo da nisam pisao blog, da nisam bio \u201cvidljiv\u201d prijatelju? Verovatno ne. Da li blog o iskustvima tokom dijete da ti donese posao dizajnera u jednoj od najstabilnijih IT kompanija kod nas? Mo\u017ee. \u010cudno, ali funkcioni\u0161e.<\/p>\n\n\n\n<p>Ono \u0161to poku\u0161avam da prenesem ljudima ovde jeste da ako ste stvarno dokoni (nemojte me pogre\u0161no shvatiti) &nbsp;dovoljno je da zapo\u010dnete pri\u010du o bilo \u010demu, dok se ne usmerite i \u201cbrendirate\u201d za ono \u0161to stvarno \u017eelite da radite. Dru\u017eite se sa ljudima koji se bave sli\u010dnim stvarima kao i vi.&nbsp;<strong>Budite prisutni<\/strong>&nbsp;i aktivni i probudite se iz svog sna. Ako \u017eelite i ovde da napi\u0161ete ne\u0161to \u0161to \u0107e motivisati druge i preneti neko va\u0161e iskustvo, bi\u0107u vi\u0161e nego sre\u0107an da vam dam prostora za tako ne\u0161to.<\/p>\n","protected":false},"excerpt":{"rendered":"<p>Da, dragi \u010ditaoci, ovo je stoti tekst objavljen na Debeljuci. Pro\u0161lo je vi\u0161e od godinu dana od prvih \u010detiri koji su obele\u017eili po\u010detak mog deljenja svojih iskustava sa vama. Malo sam usporio u poslednje vreme, jer je blog doneo mnogo toga, prvenstveno li\u010dni povratak na Internet scenu \u0161to je opet sa sobom povuklo mnogo raznih [&hellip;]<\/p>\n","protected":false},"author":1,"featured_media":0,"parent":0,"menu_order":0,"comment_status":"closed","ping_status":"closed","template":"","meta":{"footnotes":""},"class_list":["post-18","page","type-page","status-publish","hentry"],"_links":{"self":[{"href":"http:\/\/www.debeljuca.com\/index.php?rest_route=\/wp\/v2\/pages\/18","targetHints":{"allow":["GET"]}}],"collection":[{"href":"http:\/\/www.debeljuca.com\/index.php?rest_route=\/wp\/v2\/pages"}],"about":[{"href":"http:\/\/www.debeljuca.com\/index.php?rest_route=\/wp\/v2\/types\/page"}],"author":[{"embeddable":true,"href":"http:\/\/www.debeljuca.com\/index.php?rest_route=\/wp\/v2\/users\/1"}],"replies":[{"embeddable":true,"href":"http:\/\/www.debeljuca.com\/index.php?rest_route=%2Fwp%2Fv2%2Fcomments&post=18"}],"version-history":[{"count":2,"href":"http:\/\/www.debeljuca.com\/index.php?rest_route=\/wp\/v2\/pages\/18\/revisions"}],"predecessor-version":[{"id":42,"href":"http:\/\/www.debeljuca.com\/index.php?rest_route=\/wp\/v2\/pages\/18\/revisions\/42"}],"wp:attachment":[{"href":"http:\/\/www.debeljuca.com\/index.php?rest_route=%2Fwp%2Fv2%2Fmedia&parent=18"}],"curies":[{"name":"wp","href":"https:\/\/api.w.org\/{rel}","templated":true}]}}