{"id":12,"date":"2024-07-23T18:31:41","date_gmt":"2024-07-23T18:31:41","guid":{"rendered":"https:\/\/www.debeljuca.com\/?page_id=12"},"modified":"2024-07-23T18:38:23","modified_gmt":"2024-07-23T18:38:23","slug":"o-debeljuci","status":"publish","type":"page","link":"https:\/\/www.debeljuca.com\/?page_id=12","title":{"rendered":"O Debeljuci"},"content":{"rendered":"\n<p>Debeljuca je sajt, ta\u010dnije blog, koji govori o iskustvima \u010doveka koji je re\u0161io da promeni svoj \u017eivot i unapredi svoje zdravlje menjaju\u0107i sistem ishrane.<\/p>\n\n\n\n<p>Ideja je jednostavna. U neku ruku dobro je imati dnevnik za ovakve poduhvate, a sa druge strane, iskustva u ovom poduhvatu mogu pomo\u0107i drugim ljudima da promene svoj \u017eivot na isti na\u010din.<\/p>\n\n\n\n<h3 class=\"wp-block-heading\">O autoru<\/h3>\n\n\n\n<figure class=\"wp-block-image\"><img decoding=\"async\" src=\"https:\/\/web.archive.org\/web\/20110519023216im_\/http:\/\/debeljuca.com\/wp-content\/uploads\/2010\/02\/ivancosic.jpg\" alt=\"\" class=\"wp-image-548\" title=\"ivancosic\"\/><\/figure>\n\n\n\n<p><strong>Ivan \u0106osi\u0107<\/strong>\u00a0je ro\u0111en u Vr\u0161cu, u godini kada je umro Tito. Njegovo ro\u0111enje je do\u010dekano u strahu roditelja da \u0107e se Jugoslavija raspasti ili da \u0107e ih neko tada napasti. Uvek je umeo sa re\u010dima, \u010dak je jedna od prvih re\u010di koju je smislio od nule bila \u2013 Bindulanija, kojoj niko do sada nije shvatio zna\u010denje.<\/p>\n\n\n\n<p>Ni on sam. \u017dive\u0107i u Vojvodini, u porodici gde se \u017eenski deo uvek takmi\u010dio da kuva bolje od prethodne generacije, baba od prababe, majka od babe i tako u nedogled, kao bogato hranljivom maratonu sala\u0161ke kuhinje, imao je sve predispozicije da se podgoji, da se vidi da je iz dobre ku\u0107e. U mladosti se intenzivno bavio sportovima, sva\u0161ta je probao, ali su ga fudbal i aikido najvi\u0161e zaokupirali. Zato je, kada je prestao sa bavljenjem ovim sportovima, te\u017eina nadvladala.<\/p>\n\n\n\n<p>Kreativan i preduzimljiv, sa 16 godina transformisao je \u0161kolski list u potpuno samoodr\u017eiv omladinski magazin, \u0161to ga je dovelo do toga da po\u010dne da radi u gradskom nedeljniku kao dizajner, prelama\u010d i kasnije tehni\u010dki urednik. Uvek je \u017eeleo da menja stvari, \u010dak i kada to nije bilo potrebno.<\/p>\n\n\n\n<p>Tako je postao deo kreativnih organizacija, politi\u010dkih pokreta, uvek u centru zbivanja. Napravio je prvu web prezentaciju Vr\u0161ca, u\u010destovao u \u0161irenju Otpora van Beograda, vodio je veliki broj motivacionih, kreativnih i IT radionica, radio u jednom od prvih sektora za web dizajn u marketing agencijama, predavao u Petnici, radio kao kreativni direktor ili dizajner za klijente kao \u0161to su Microsoft, IBM, SAP, Electronic Arts, Disney, Asus, Dell.<\/p>\n\n\n\n<p>Western Digital i mnoge druge manje, strane i doma\u0107e. Jedan je od pokreta\u010da i administratora\u00a0DizajnZone, najve\u0107e dizajn zajednice na Internetu na ovim prostorima. Pobedio je u kvizu Najslabija karika. Kreirao je i vodio jedan od 1000 najboljih World of Warcraft guildova na svetu, sa preko 400 ljudi, kao glavni strateg i organizator.<\/p>\n\n\n\n<p>Kada se nemirna priroda prizemila u dvanaesto-\u010dasovno sedenje za ra\u010dunarom, njegova ljubav prema hrani se okrenula protiv njega i uplovio je u vode gojaznosti i prokrastinacije. Posle dve godine odlaganja, kona\u010dno re\u0161ava da se prihvati programa zdrave ishrane, pod stru\u010dnim nadzorom doktora, nutricioniste i psihologa.<\/p>\n\n\n\n<p>Posle prvih mesec dana i vidljivih rezultata, po\u010dinje da pi\u0161e blog pod nazivom Debeljuca, gde sva svoja znanja o kreativnom pisanju, upravljanju Internet sadr\u017eajem, online marketingu, motivaciji i inspiraciji, primenjuje u praksi. Blog postaje veoma popularan, a redovni tekstovi bivaju \u010ditani sa zadovoljstvom od strane brojne i \u0161arikolike publike. Fokus stavlja na subjektivna iskustva tokom dijete i pokretanju akcije u \u010ditaocu, i izbegava puko pri\u010danje o tome kako i \u0161ta treba jesti.<\/p>\n\n\n\n<p>Blog danas ima preko 1000 fanova na\u00a0Facebook stranici, preko 12000 poseta mese\u010dno i jedan je od blogova koji su prema mi\u0161ljenjima najeminentnijih doma\u0107ih blogera obele\u017eio Internet scenu u 2010 godini.<\/p>\n","protected":false},"excerpt":{"rendered":"<p>Debeljuca je sajt, ta\u010dnije blog, koji govori o iskustvima \u010doveka koji je re\u0161io da promeni svoj \u017eivot i unapredi svoje zdravlje menjaju\u0107i sistem ishrane. Ideja je jednostavna. U neku ruku dobro je imati dnevnik za ovakve poduhvate, a sa druge strane, iskustva u ovom poduhvatu mogu pomo\u0107i drugim ljudima da promene svoj \u017eivot na isti [&hellip;]<\/p>\n","protected":false},"author":1,"featured_media":0,"parent":0,"menu_order":3,"comment_status":"closed","ping_status":"closed","template":"","meta":{"footnotes":""},"class_list":["post-12","page","type-page","status-publish","hentry"],"_links":{"self":[{"href":"https:\/\/www.debeljuca.com\/index.php?rest_route=\/wp\/v2\/pages\/12","targetHints":{"allow":["GET"]}}],"collection":[{"href":"https:\/\/www.debeljuca.com\/index.php?rest_route=\/wp\/v2\/pages"}],"about":[{"href":"https:\/\/www.debeljuca.com\/index.php?rest_route=\/wp\/v2\/types\/page"}],"author":[{"embeddable":true,"href":"https:\/\/www.debeljuca.com\/index.php?rest_route=\/wp\/v2\/users\/1"}],"replies":[{"embeddable":true,"href":"https:\/\/www.debeljuca.com\/index.php?rest_route=%2Fwp%2Fv2%2Fcomments&post=12"}],"version-history":[{"count":1,"href":"https:\/\/www.debeljuca.com\/index.php?rest_route=\/wp\/v2\/pages\/12\/revisions"}],"predecessor-version":[{"id":13,"href":"https:\/\/www.debeljuca.com\/index.php?rest_route=\/wp\/v2\/pages\/12\/revisions\/13"}],"wp:attachment":[{"href":"https:\/\/www.debeljuca.com\/index.php?rest_route=%2Fwp%2Fv2%2Fmedia&parent=12"}],"curies":[{"name":"wp","href":"https:\/\/api.w.org\/{rel}","templated":true}]}}