{"id":14,"date":"2024-07-23T18:32:52","date_gmt":"2024-07-23T18:32:52","guid":{"rendered":"https:\/\/www.debeljuca.com\/?page_id=14"},"modified":"2024-07-23T18:38:10","modified_gmt":"2024-07-23T18:38:10","slug":"zelis-da","status":"publish","type":"page","link":"https:\/\/www.debeljuca.com\/?page_id=14","title":{"rendered":"\u017deli\u0161 Da"},"content":{"rendered":"\n<p><strong>\u017deli\u0161 da pro\u010dita\u0161 celu pri\u010du?<\/strong><\/p>\n\n\n\n<figure class=\"wp-block-image\"><img decoding=\"async\" src=\"https:\/\/web.archive.org\/web\/20110519023300im_\/http:\/\/debeljuca.com\/wp-content\/uploads\/2010\/08\/start.jpg\" alt=\"\" class=\"wp-image-456\" title=\"start\"\/><\/figure>\n\n\n\n<p>Ovaj blog nije jedan od blogova sa nepovezanim postovima na odre\u0111enu temu, on je hronolo\u0161ki dnevnik koji prati moja iskustva tokom programa kojim sam re\u0161io da popravim svoje zdravstveno stanje, izgubim kilograme, a posle odre\u0111enog vremena re\u0161io i da druge ljude motivi\u0161em da naprave pozitivnu promenu u svom \u017eivotu. Me\u0111utim postoji mali problem. Ja sam skriboman i ponekad ne mogu da ustanem od tastature dok ne napi\u0161em ama ba\u0161 sve relevantno za datu nedelju. Zato tekstova ima mnogo, ali se nadam da je stil pisanja pitak i da se mo\u017ee lako pro\u010ditati.<\/p>\n\n\n\n<p>Uvek sam smatrao da treba ljudima preporu\u010diti da \u010ditav blog pro\u010ditaju kao pri\u010du od po\u010detka do kraja, \u010dak sam integrisao i navigaciju gde nakon svakog teksta imate link za slede\u0107i, sve sa istim ciljem. Onda je profesor Varagi\u0107 lepo to uobli\u010dio u preporuku:<\/p>\n\n\n\n<blockquote class=\"wp-block-quote is-layout-flow wp-block-quote-is-layout-flow\">\n<p>Blog startuje tekstom\u00a0<em>Po\u010dinje put kojim se re\u0111e ide\u2026<\/em>\u00a0i preporu\u010dujem da po\u010dnete sa \u010ditanjem ovog bloga od prvog blog teksta.<\/p>\n\n\n\n<p>Ceo tekst:\u00a0Prikaz bloga Debeljuca.com | Dragan Varagic<\/p>\n<\/blockquote>\n\n\n\n<p>\u0160ta re\u0107i bolje od ovoga, ako ste zainteresovani da lagano pro\u010ditate celu moju pri\u010du krenite od\u00a0prvog teksta.<\/p>\n","protected":false},"excerpt":{"rendered":"<p>\u017deli\u0161 da pro\u010dita\u0161 celu pri\u010du? Ovaj blog nije jedan od blogova sa nepovezanim postovima na odre\u0111enu temu, on je hronolo\u0161ki dnevnik koji prati moja iskustva tokom programa kojim sam re\u0161io da popravim svoje zdravstveno stanje, izgubim kilograme, a posle odre\u0111enog vremena re\u0161io i da druge ljude motivi\u0161em da naprave pozitivnu promenu u svom \u017eivotu. Me\u0111utim [&hellip;]<\/p>\n","protected":false},"author":1,"featured_media":0,"parent":0,"menu_order":1,"comment_status":"closed","ping_status":"closed","template":"","meta":{"footnotes":""},"class_list":["post-14","page","type-page","status-publish","hentry"],"_links":{"self":[{"href":"https:\/\/www.debeljuca.com\/index.php?rest_route=\/wp\/v2\/pages\/14","targetHints":{"allow":["GET"]}}],"collection":[{"href":"https:\/\/www.debeljuca.com\/index.php?rest_route=\/wp\/v2\/pages"}],"about":[{"href":"https:\/\/www.debeljuca.com\/index.php?rest_route=\/wp\/v2\/types\/page"}],"author":[{"embeddable":true,"href":"https:\/\/www.debeljuca.com\/index.php?rest_route=\/wp\/v2\/users\/1"}],"replies":[{"embeddable":true,"href":"https:\/\/www.debeljuca.com\/index.php?rest_route=%2Fwp%2Fv2%2Fcomments&post=14"}],"version-history":[{"count":1,"href":"https:\/\/www.debeljuca.com\/index.php?rest_route=\/wp\/v2\/pages\/14\/revisions"}],"predecessor-version":[{"id":15,"href":"https:\/\/www.debeljuca.com\/index.php?rest_route=\/wp\/v2\/pages\/14\/revisions\/15"}],"wp:attachment":[{"href":"https:\/\/www.debeljuca.com\/index.php?rest_route=%2Fwp%2Fv2%2Fmedia&parent=14"}],"curies":[{"name":"wp","href":"https:\/\/api.w.org\/{rel}","templated":true}]}}