{"id":16,"date":"2024-07-23T18:34:09","date_gmt":"2024-07-23T18:34:09","guid":{"rendered":"https:\/\/www.debeljuca.com\/?page_id=16"},"modified":"2024-07-23T18:44:10","modified_gmt":"2024-07-23T18:44:10","slug":"ograde-povrede","status":"publish","type":"page","link":"https:\/\/www.debeljuca.com\/?page_id=16","title":{"rendered":"Ograde Povrede"},"content":{"rendered":"\n<p>Subota je. Praznici. Stvarno ne znam kada \u0107ete sti\u0107i da pro\u010ditate ovo, ali je meni do\u0161lo da podelim svoja razmi\u0161ljanja sa vama. Vi\u0161e od godinu dana po po\u010detku temeljne promene \u017eivota kockice po\u010dinju da se sla\u017eu i polako uspevam da ispravim mnoge nepravde koje sam po\u010dinio drugima i sebi dok nisam razmi\u0161ljao o tome kako se pona\u0161am i \u0161ta radim sa sobom i sa svojim \u017eivotom.<\/p>\n\n\n\n<p>Uvek razmi\u0161ljam o dve stvari, a to su razlika izme\u0111u toga da ti neko ne\u0161to zaboravi i da ti neko ne\u0161to oprosti. Druga stvar je veoma laka, a prva se gotovo nikada ne de\u0161ava. Zato stalno u mojoj glavi odzvanja pri\u010da, koja nije moja, ali je adekvatno vreme da je podelim sa vama, ako je niste do sada \u010duli.<\/p>\n\n\n\n<figure class=\"wp-block-image\"><img decoding=\"async\" src=\"https:\/\/web.archive.org\/web\/20110519023528im_\/http:\/\/debeljuca.com\/wp-content\/uploads\/2011\/04\/ograda.jpg\" alt=\"\" class=\"wp-image-1139\" title=\"ograda\"\/><\/figure>\n\n\n\n<h3 class=\"wp-block-heading\">Ekseri u ogradi<\/h3>\n\n\n\n<blockquote class=\"wp-block-quote is-layout-flow wp-block-quote-is-layout-flow\">\n<p>Jednom be\u0161e jedan mali de\u010dak koji je imao lo\u0161u narav. Njegov otac mu je dao kesu punu eksera i rekao mu je da svaki put kad pobesni i izgubi kontrolu nad sobom, zakuca jedan ekser u ogradu.<\/p>\n\n\n\n<p>Prvoga dana de\u010dak je zakucao 37 eksera na ogradu. Tokom slede\u0107ih nekoliko meseci on je nau\u010dio da kontroli\u0161e svoj bes i broj ukucanih eksera se smanjivao. Otkrio je da je lak\u0161e kontrolisati svoju narav nego zakucavati eksere u ogradu.<\/p>\n\n\n\n<p>Tako je do\u0161ao dan, kada tokom celog dana nije pobesneo. On je rekao to svom ocu, a otac mu je rekao da svakoga dana tokom kojeg uspe da kontroli\u0161e svoje pona\u0161anje, &nbsp;iz ograde i\u0161\u010dupa po jedan ekser\u2026<\/p>\n\n\n\n<p>Dani su prolazili i jednoga dana de\u010dak je bio u stanju da se pohvali svom ocu da je po\u010dupao sve eksere. Otac je uzeo sina za ruku i odveo ga do ograde. Tada je rekao: \u201cDobro si to uradio, sine moj, ali pogledaj sve te rupe u ogradi. Ograda vi\u0161e nikada ne\u0107e biti ista. Kada u besu ka\u017ee\u0161 neke stvari, one ostavljaju&nbsp;o\u017eiljak, kao \u0161to su ove rupe u ogradi. Mo\u017ee\u0161 \u010doveka ubosti no\u017eem i izvuci no\u017e ali posle toga&nbsp;nije va\u017eno koliko puta ka\u017ee\u0161 da ti je \u017eao, rane ostaju.\u201d<\/p>\n\n\n\n<p>*<\/p>\n\n\n\n<p>Verbalna rana je identi\u010dno bolna kao i fizi\u010dka.&nbsp;Prijatelji su vrlo retki dragulji, oni \u010dine da se sme\u0161i\u0161, ohrabruju te da uspe\u0161 u necemu, oni&nbsp;su spremni da te saslu\u0161aju, da podele tvoj bol, imaju lepe re\u010di i otvoreno&nbsp;srce za tebe.<\/p>\n<\/blockquote>\n\n\n\n<p>Ovaj konkretno tekst je\u00a0prenesen sa Karika, tamo sam ga na\u0161ao i malo sredio, bila mi je potrebna osnova, Mo\u017eete ga prona\u0107i u raznim verzijama na raznim sajtovima.<\/p>\n\n\n\n<h3 class=\"wp-block-heading\">Nesvesno i svesno povre\u0111ivanje<\/h3>\n\n\n\n<p>Povrede su razli\u010dite. Nekoga povredimo svojim reakcijama, nekoga povredimo time \u0161to ni\u0161ta nismo uradili, nismo reagovali, nekoga povredimo fizi\u010dki. Posebno je te\u0161ko kada pro\u0111e neko vreme pa vi\u0161e nisi ni siguran koga si povredio, a koga nisi. Mnogo sam \u010ditao i upoznavao se sa ostalim manifestacijama kompulsivnih poreme\u0107aja: kocke, alkohola, droge, kupovine, prikupljanja stvari.<\/p>\n\n\n\n<p>Oko svega sam pravio pore\u0111enje sa hranom.\u00a0<strong>\u010cinjenica je da se ljudi koji imaju takve poreme\u0107aje naj\u010de\u0161\u0107e stide toga<\/strong>. Shvataju da povre\u0111uju svoje najbli\u017ee, stide se toga, ali istovremeno se jako dobro ose\u0107aju dok to ne\u0161to rade. I onda prelaze u re\u017eim \u201cma \u0161ta me briga \u0161ta ko misli, meni je lepo\u201d i to lepo traje kratko i izme\u0111u dolazi opet stid, do nekog slede\u0107eg puta kada se ciklus ponavalja.<\/p>\n\n\n\n<p>Imamo i standardne povrede koje mo\u017eemo da vidimo svuda oko nas. Fizi\u010dke, emotivne, poslovne, politi\u010dke. Ima ih mnogo.<\/p>\n\n\n\n<p>\u010cesto me ljudi u mnogim situacijama pitaju za\u0161to sam hroni\u010dno optimisti\u010dan. Ne znam, Dr House bi mislio da je poreme\u0107aj i le\u010dio bi me, niko drugi verovatno ne bi.\u00a0<strong>Verujem da svi mo\u017eemo da budemo dobri ako se potrudimo<\/strong>. Da ne povre\u0111ujemo jedni druge, da uvek budemo tu da pomognemo ili da bar preporu\u010dimo nekoga ko mo\u017ee da pomogne.<\/p>\n\n\n\n<p>Ne volim kada se dragi ljudi oko mene posva\u0111aju. Ne volim kada se neko naljuti na mene zbog gluposti, kratkog fitilja ili nerazumevanja (naj\u010de\u0161\u0107e).\u00a0<strong>Istina boli<\/strong>, ali je najbolje podvu\u0107i crtu, izviniti se za stvari koje ne mo\u017ee\u0161 da promeni\u0161 i koje si lo\u0161e uradio, napraviti plan za dalje bez povre\u0111ivanja ostalih i nadati se da \u0107e ti jednom, negde tamo oprostiti, bez obzira na to \u0161to nikada ne\u0107e zaboraviti.<\/p>\n\n\n\n<p>I dalje verujem da smo nekada davno kada smo bili deca svi bili neiskvareni i dobri.&nbsp;<strong>Nazad nema, ali biramo kako \u0107emo napred<\/strong>.<\/p>\n","protected":false},"excerpt":{"rendered":"<p>Subota je. Praznici. Stvarno ne znam kada \u0107ete sti\u0107i da pro\u010ditate ovo, ali je meni do\u0161lo da podelim svoja razmi\u0161ljanja sa vama. Vi\u0161e od godinu dana po po\u010detku temeljne promene \u017eivota kockice po\u010dinju da se sla\u017eu i polako uspevam da ispravim mnoge nepravde koje sam po\u010dinio drugima i sebi dok nisam razmi\u0161ljao o tome kako [&hellip;]<\/p>\n","protected":false},"author":1,"featured_media":0,"parent":31,"menu_order":2,"comment_status":"closed","ping_status":"closed","template":"","meta":{"footnotes":""},"class_list":["post-16","page","type-page","status-publish","hentry"],"_links":{"self":[{"href":"https:\/\/www.debeljuca.com\/index.php?rest_route=\/wp\/v2\/pages\/16","targetHints":{"allow":["GET"]}}],"collection":[{"href":"https:\/\/www.debeljuca.com\/index.php?rest_route=\/wp\/v2\/pages"}],"about":[{"href":"https:\/\/www.debeljuca.com\/index.php?rest_route=\/wp\/v2\/types\/page"}],"author":[{"embeddable":true,"href":"https:\/\/www.debeljuca.com\/index.php?rest_route=\/wp\/v2\/users\/1"}],"replies":[{"embeddable":true,"href":"https:\/\/www.debeljuca.com\/index.php?rest_route=%2Fwp%2Fv2%2Fcomments&post=16"}],"version-history":[{"count":1,"href":"https:\/\/www.debeljuca.com\/index.php?rest_route=\/wp\/v2\/pages\/16\/revisions"}],"predecessor-version":[{"id":17,"href":"https:\/\/www.debeljuca.com\/index.php?rest_route=\/wp\/v2\/pages\/16\/revisions\/17"}],"up":[{"embeddable":true,"href":"https:\/\/www.debeljuca.com\/index.php?rest_route=\/wp\/v2\/pages\/31"}],"wp:attachment":[{"href":"https:\/\/www.debeljuca.com\/index.php?rest_route=%2Fwp%2Fv2%2Fmedia&parent=16"}],"curies":[{"name":"wp","href":"https:\/\/api.w.org\/{rel}","templated":true}]}}