{"id":21,"date":"2024-07-23T18:37:41","date_gmt":"2024-07-23T18:37:41","guid":{"rendered":"https:\/\/www.debeljuca.com\/?page_id=21"},"modified":"2024-07-23T18:38:17","modified_gmt":"2024-07-23T18:38:17","slug":"psiholoski","status":"publish","type":"page","link":"https:\/\/www.debeljuca.com\/?page_id=21","title":{"rendered":"Psiholo\u0161ki"},"content":{"rendered":"\n<p>Najbitnija stvar koju sam negde nau\u010dio tokom svog puta jeste da za sve probleme koji se manifestuju \u201cnavu\u010deno\u0161\u0107u\u201d (adikcijom) na ne\u0161to postoji duboki psiholo\u0161ki momenat negde u pozadini duboko skriven, duboko zakopan. Dva najbitnija pitanja koja sam postavio sebi i na koje jo\u0161 i dan danas tra\u017eim prave odgovore su:<\/p>\n\n\n\n<ul class=\"wp-block-list\">\n<li>\u0160ta me \u010dini sre\u0107nim?<\/li>\n\n\n\n<li>\u0160ta me \u010dini nesre\u0107nim?<\/li>\n<\/ul>\n\n\n\n<p>Ako me \u010dini sre\u0107nim kompulsivno konzumiranje hrane, pi\u0107a, droga, odavanje u kocku, gubljenje vremena sapunicama ili reality emisijama, onda ne\u0161to debelo nije u redu i postoji neki razlog koji me \u010dini nesre\u0107nim. Tada kompulsivnom reakcijom kreiram prividno stanje sre\u0107e, koje je samo trenutno, i njime kompenzujem za ono zbog \u010dega sam nesre\u0107an. Za ovih 100 tekstova i u pronala\u017eenju tema za pisanje, otkrio sam jako mnogo kompulsivnih poreme\u0107aja koji su direktno rezultat toga \u0161to se ose\u0107amo nesre\u0107ni i la\u017eemo sebe da smo sre\u0107ni zbog ne\u010deg drugog \u0161to radimo, ili gubimo vreme jer \u0107e neko bolje vreme do\u0107i i nismo jaki da se suo\u010dimo sa realnim \u017eivotom.<\/p>\n\n\n\n<h3 class=\"wp-block-heading\">Dijetalni element<\/h3>\n\n\n\n<p>Sa strane dijete, uvideo sam da je daleko lak\u0161e jesti zdravo i kontrolisati ishranu kada je okru\u017eenje prilago\u0111eno tome. Vremenom sam uvideo koliko je okru\u017eenje formirano tako da nisi u stanju da na dobar na\u010din sprovede\u0161 sistematsku \u017eivotnu promenu. Sve je okrenuto brzoj hrani, sve je okrenuto pukom organizovanju vremena oko posla. \u017divimo da bismo radili i da bismo se hranili, umesto da radimo i jedemo da bismo \u017eiveli. Interesantno je koliko ljudi ovo shvataju kao osloba\u0111anje od odgovornosti pa \u201c<em><strong>te\u0161ko mi je da se organizujem<\/strong><\/em>\u201d zvu\u010di kao validan odgovor ili izgovor, jer te i sagovornik razume, u sli\u010dnoj je situaciji.<\/p>\n\n\n\n<p><strong>Usa\u0111eno nam je da gre\u0161ke u sistemu vidimo kao opravdanje za svoje postupke<\/strong>, da njima podupiremo razloge za svoju nemarnost, nikada ne poku\u0161avaju\u0107i da promenimo sistem. Sa druge strane, organizacija posla, nabavke i pripreme hrane, \u010din hranjenja na radnom mestu, totalno doprinose o\u010dajnoj situaciji. Potrebno je da se temeljno pozabavimo ovim problemom, jer je to ne\u0161to \u0161to u finalnom obliku smanjuje na\u0161e rezultate na poslu, smanjuje produktivnost i pojedinaca i firmi u kojima rade, a u poslednjem ishodu, donosi i sve \u0107e vi\u0161e donositi tro\u0161kova \u0161to u domenu zdravstvene za\u0161tite \u0161to u domenu pada produktivnosti usled izostajanja zaposlenih zbog zdravstvenih razloga.<\/p>\n\n\n\n<p>I tu\u017ena istina je\u2026&nbsp;<strong>Da se time niko ne bavi<\/strong>.<\/p>\n\n\n\n<h3 class=\"wp-block-heading\">Motivacioni element<\/h3>\n\n\n\n<p>Ovaj blog je uvek imao motivacioni element. Nekad kroz afirmativnu pri\u010du, nekad kroz prezentovanje posledica. Razne stvari uspevaju da probude reakciju kod \u010ditalaca i retko kada neki tekst navede ba\u0161 sve da se uklju\u010de. I to je u redu. Zato treba da bude raznih tekstova i da se svi u njima prona\u0111u. Ali je svakako krajnje vreme da se iza ovog projekta, koji \u0107e, i dalje, ostati lice cele pri\u010de postavi \u201czajednica\u201d ljudi koji, uzajamno se poma\u017eu\u0107i, aktivno menjaju svoj \u017eivot.<\/p>\n\n\n\n<p>Hvala vam \u0161to ste bili uz mene i dali mi snage da napi\u0161em \u010ditavih 100 tekstova. Tu smo jedni za druge.<\/p>\n","protected":false},"excerpt":{"rendered":"<p>Najbitnija stvar koju sam negde nau\u010dio tokom svog puta jeste da za sve probleme koji se manifestuju \u201cnavu\u010deno\u0161\u0107u\u201d (adikcijom) na ne\u0161to postoji duboki psiholo\u0161ki momenat negde u pozadini duboko skriven, duboko zakopan. Dva najbitnija pitanja koja sam postavio sebi i na koje jo\u0161 i dan danas tra\u017eim prave odgovore su: Ako me \u010dini sre\u0107nim kompulsivno [&hellip;]<\/p>\n","protected":false},"author":1,"featured_media":0,"parent":0,"menu_order":2,"comment_status":"closed","ping_status":"closed","template":"","meta":{"footnotes":""},"class_list":["post-21","page","type-page","status-publish","hentry"],"_links":{"self":[{"href":"https:\/\/www.debeljuca.com\/index.php?rest_route=\/wp\/v2\/pages\/21","targetHints":{"allow":["GET"]}}],"collection":[{"href":"https:\/\/www.debeljuca.com\/index.php?rest_route=\/wp\/v2\/pages"}],"about":[{"href":"https:\/\/www.debeljuca.com\/index.php?rest_route=\/wp\/v2\/types\/page"}],"author":[{"embeddable":true,"href":"https:\/\/www.debeljuca.com\/index.php?rest_route=\/wp\/v2\/users\/1"}],"replies":[{"embeddable":true,"href":"https:\/\/www.debeljuca.com\/index.php?rest_route=%2Fwp%2Fv2%2Fcomments&post=21"}],"version-history":[{"count":1,"href":"https:\/\/www.debeljuca.com\/index.php?rest_route=\/wp\/v2\/pages\/21\/revisions"}],"predecessor-version":[{"id":22,"href":"https:\/\/www.debeljuca.com\/index.php?rest_route=\/wp\/v2\/pages\/21\/revisions\/22"}],"wp:attachment":[{"href":"https:\/\/www.debeljuca.com\/index.php?rest_route=%2Fwp%2Fv2%2Fmedia&parent=21"}],"curies":[{"name":"wp","href":"https:\/\/api.w.org\/{rel}","templated":true}]}}