{"id":6,"date":"2024-07-23T18:29:58","date_gmt":"2024-07-23T18:29:58","guid":{"rendered":"https:\/\/www.debeljuca.com\/?page_id=6"},"modified":"2024-07-23T18:48:20","modified_gmt":"2024-07-23T18:48:20","slug":"javni-nastupi","status":"publish","type":"page","link":"https:\/\/www.debeljuca.com\/?page_id=6","title":{"rendered":"Za Najlep\u0161e\u00a0"},"content":{"rendered":"\n<p>Pozdrav svima! Da tu sam, oble\u0107em svoj blog kao debeljuca fri\u017eider. Nikako da se nakanim da napi\u0161em ne\u0161to, uvek smatram da svakom tekstu treba da posvetim vremena. Ideja ima. Vremena kao mislim da nema, pa\u00a0prokrastiniram. Mo\u017eda \u0107e vam ovih nekoliko tema delovati da su nepovezane i vremenski neuskla\u0111ene, ali bolje je tako. Druga\u010dije ne mogu da se smislim da ih napi\u0161em.<\/p>\n\n\n\n<p>Ovaj tekst treba da \u010ditate u delovima jer je najdu\u017ei koji sam ikada napisao, ali istovremeno, stvarno zaslu\u017euje da se pro\u010dita. Na svakom podnaslovu mo\u017eete napraviti pauzu, ostaviti za kasnije, prineti kafu ili \u010daj i sli\u010dno\u2026 U\u017eivajte\u2026<\/p>\n\n\n\n<h3 class=\"wp-block-heading\"><img loading=\"lazy\" decoding=\"async\" width=\"430\" height=\"250\" src=\"https:\/\/web.archive.org\/web\/20110519023549im_\/http:\/\/debeljuca.com\/wp-content\/uploads\/2011\/04\/bled.jpg\" alt=\"\"><\/h3>\n\n\n\n<p>Pisao sam ve\u0107 da mi je pobeglo vreme da kupim\u00a0ponudu za fantasti\u010dan vikend u Sloveniji. Onda su me pozvale An\u0111ela i Ana i\u00a0dodelile mi kupon. Sve je delovalo neverovatno, \u017eeleli smo jako taj odmor, a vremena nije bilo. Kako sam\u00a0promenio firmu u kojoj radim\u00a0tako sam sa promenom posla doneo i sve dobre i lo\u0161e stvari iz prethodne. Lo\u0161a se odrazila na moj ku\u0107ni bud\u017eet. Regres mi je bio kompletno ispla\u0107en u prethodnoj firmi, tako da u vremenu oko Nove godine nisam u\u017eivao u \u010darima dodatnog prihoda.<\/p>\n\n\n\n<p>Dobra se odrazila pozitivno, s obzirom na to da nisam iskoristio ni dan godi\u0161njeg u prethodnoj, sada sam mogao da koristim na miru te dane. Ja ne bih bio ja kada te dane ne bih koristio da uradim neke dodatne poslove, umesto za odmor kako su namenjene. Ve\u0107inu dana sam iskoristio da bih pozavr\u0161avao stvari za\u00a0DIDS 2011\u00a0konferenciju, i manje stvar\u010dice koje su zahtevale po dan tu i tamo. Shvatio sam da to nije u redu i kona\u010dno sam re\u0161io da malo ve\u0107i broj dana alociram sebi da mogu da se odmorim ko \u010dovek.<\/p>\n\n\n\n<p>Nazvao sam hotel i \u010duo da je slobodno tek posle prvog aprila. Pla\u0161ilo me je to \u0161to je kupon iz\u00a0Kolektive\u00a0isticao prvog aprila, ali me je ljubazna Slovenka preko telefona uverila da to nije nikakav problem. Rezervisali smo i to je bilo to, sa kolegama sam potvrdio da je u redu da uzmem ne\u0161to slobodnog vremena i uzeo sam celu nedelju kako bih u paketu iskoristio i vreme da odem do Pali\u0107a na\u00a0E-Trgovina konferenciju.<\/p>\n\n\n\n<h3 class=\"wp-block-heading\">Stari poznanici<\/h3>\n\n\n\n<p>U \u017eivotu sam u\u010destvovao u mnogim projektima, malim i velikim. Radim od 16. godine. Tokom tog vremena kroz moj \u017eivot je pro\u0161lo mnogo ljudi.\u00a0<strong>Glavni problem koji imam je taj da sam izgubio kontakt sa nekim ljudima za koje se ponekad pla\u0161im da su prekinuli kontakt sa mnom zbog onoga \u0161to sam bio; mrzovoljan \u00a0i neodgovoran tip<\/strong>. Sada \u017eelim da te stvari promenim i da ponovo pru\u017eim mogu\u0107nost da svi ti ljudi upoznaju novu verziju mene. Tako sam se po dogovoru da odemo u Ljubljanu setio starog prijatelja, sa kojim sam sara\u0111ivao, a samim tim i dru\u017eio se pre nekih \u0161est, sedam godina.<\/p>\n\n\n\n<p>On je tada napustio veliku multinacionalnu kompaniju, \u010diji je bio regionalni direktor i krenuo u samostalni biznis. U firmi u kojoj sam tada radio osmislili smo mu kompletan identitet firme i proveli neke super trenutke zajedno. Par puta smo u me\u0111uvremenu komunicirali sa nekom idejom da zajedno radimo, ali ni\u0161ta od toga sa nije ostvarilo.<\/p>\n\n\n\n<p>Bilo mi je glupo da svratim do Ljubljane, a da mu se ne javim. Par dana pred polazak, prvo mailom, a kasnije i telefonom, \u010duli smo se i dogovorili da se vidimo u subotu, prvog dana na\u0161eg boravka u Sloveniji. Ispostavi\u0107e se kasnije da je to jedno od najboljih stvari koje sam mogao da uradim.<\/p>\n\n\n\n<h3 class=\"wp-block-heading\">Ljubljana u svitanje<\/h3>\n\n\n\n<p>Autobus na relaciji Beograd \u2013 Ljubljana je jedna od onih stvari koje me nateraju da se upitam da li je normalna osoba koja osmi\u0161ljava takve stvari. Prepodnevna tura sti\u017ee kasno posle podne tako da ti propadne dan, a ve\u010dernja stigne toliko rano da nisi siguran \u0161ta da radi\u0161 dok dan do\u0111e. Ipak smo odabrali ve\u010dernju i stigli u Ljubljanu petnaestak minuta pre 5. Te\u0161ko da bih i u Beogradu znao \u0161ta da radim u 5 ujutru, ali ajd\u2019\u2026<\/p>\n\n\n\n<p>Stigli smo i odmah potra\u017eili neki kafi\u0107 sa markicom \u201c<strong>WiFi<\/strong>\u201d tu na stanici. Nisam stigao ni propisno da se se upoznam sa Ljubljanom (obi\u010dno se spremim za sva mesta gde idem) pa sam nadoknadio izgubljeno dok smo pijuckali svoju prvu kaficu tog jutra. Prona\u0161ao sam put do centra i trasirao pravac. U neko doba smo krenuli i u\u017eivali u prelepim scenama dok se Ljubljana budila. Ipak je bilo prohladno pa smo prona\u0161li novo mesto gde smo \u201cubili\u201d jo\u0161 malo vremena jer ni moja jakna na mojoj dragoj nije bila dovoljna da nam \u0161etnja bude prijatna.<\/p>\n","protected":false},"excerpt":{"rendered":"<p>Pozdrav svima! Da tu sam, oble\u0107em svoj blog kao debeljuca fri\u017eider. Nikako da se nakanim da napi\u0161em ne\u0161to, uvek smatram da svakom tekstu treba da posvetim vremena. Ideja ima. Vremena kao mislim da nema, pa\u00a0prokrastiniram. Mo\u017eda \u0107e vam ovih nekoliko tema delovati da su nepovezane i vremenski neuskla\u0111ene, ali bolje je tako. Druga\u010dije ne mogu [&hellip;]<\/p>\n","protected":false},"author":1,"featured_media":0,"parent":31,"menu_order":1,"comment_status":"closed","ping_status":"closed","template":"","meta":{"footnotes":""},"class_list":["post-6","page","type-page","status-publish","hentry"],"_links":{"self":[{"href":"https:\/\/www.debeljuca.com\/index.php?rest_route=\/wp\/v2\/pages\/6","targetHints":{"allow":["GET"]}}],"collection":[{"href":"https:\/\/www.debeljuca.com\/index.php?rest_route=\/wp\/v2\/pages"}],"about":[{"href":"https:\/\/www.debeljuca.com\/index.php?rest_route=\/wp\/v2\/types\/page"}],"author":[{"embeddable":true,"href":"https:\/\/www.debeljuca.com\/index.php?rest_route=\/wp\/v2\/users\/1"}],"replies":[{"embeddable":true,"href":"https:\/\/www.debeljuca.com\/index.php?rest_route=%2Fwp%2Fv2%2Fcomments&post=6"}],"version-history":[{"count":4,"href":"https:\/\/www.debeljuca.com\/index.php?rest_route=\/wp\/v2\/pages\/6\/revisions"}],"predecessor-version":[{"id":44,"href":"https:\/\/www.debeljuca.com\/index.php?rest_route=\/wp\/v2\/pages\/6\/revisions\/44"}],"up":[{"embeddable":true,"href":"https:\/\/www.debeljuca.com\/index.php?rest_route=\/wp\/v2\/pages\/31"}],"wp:attachment":[{"href":"https:\/\/www.debeljuca.com\/index.php?rest_route=%2Fwp%2Fv2%2Fmedia&parent=6"}],"curies":[{"name":"wp","href":"https:\/\/api.w.org\/{rel}","templated":true}]}}